{"id":6823,"date":"2025-01-07T15:21:25","date_gmt":"2025-01-07T14:21:25","guid":{"rendered":"https:\/\/www.gatetravelclub.beueber-uns\/"},"modified":"2026-03-19T11:12:02","modified_gmt":"2026-03-19T10:12:02","slug":"ueber-uns","status":"publish","type":"page","link":"https:\/\/www.gatetravelclub.be\/de\/ueber-uns\/","title":{"rendered":"\u00dcber uns"},"content":{"rendered":"<p class=\"\" data-end=\"190\" data-start=\"40\">Ziel des <strong>GATE<\/strong> ist es, Aktivit\u00e4ten f\u00fcr seine Mitglieder zu organisieren, vorzuschlagen und zu f\u00f6rdern \u2013 derzeit haupts\u00e4chlich rund um Golf und Ski.<\/p>\n<p class=\"\" data-end=\"507\" data-start=\"192\">Zwischen 10 und 12 Veranstaltungen pro Jahr werden zu besonders attraktiven und ausgehandelten Konditionen angeboten, darunter Edu-Tours oder Entdeckungsreisen im Zusammenhang mit diesen Aktivit\u00e4ten. Dabei bietet sich auch die Gelegenheit zum Austausch zwischen Fachleuten \u2013 sowohl in Belgien als auch im Ausland.<\/p>\n<p class=\"\" data-end=\"558\" data-start=\"509\">Der j\u00e4hrliche Mitgliedsbeitrag betr\u00e4gt 100\u202f\u20ac.<\/p>\n<p class=\"\" data-end=\"888\" data-start=\"560\">Wenn Sie Mitglied der belgischen Tourismus- und Reisebranche sind und Golfspieler und\/oder Skifahrer sind, z\u00f6gern Sie nicht, sich uns anzuschlie\u00dfen. Melden Sie sich \u00fcber diesen Link an: <a href=\"https:\/\/forms.gle\/Hxjj2uCUiau3oH9eA\">https:\/\/forms.gle\/Hxjj2uCUiau3oH9eA<\/a> oder kontaktieren Sie uns unter: <a href=\"mailto:info@gatetravelclub.be\">info@gatetravelclub.be<\/a><\/p>\n<p class=\"\" style=\"text-align: left;\" data-end=\"916\" data-start=\"895\"><strong>Das GATE-KOMITEE:<\/strong><\/p>\n<p class=\"\" style=\"text-align: left;\" data-end=\"1236\" data-start=\"918\">Herr Denis PAPPI (DIGITRIPS)<\/p>\n<p class=\"\" style=\"text-align: left;\" data-end=\"1236\" data-start=\"918\">Herr Koen van den BOSCH (VVR)<\/p>\n<p class=\"\" style=\"text-align: left;\" data-end=\"1236\" data-start=\"918\">Herr Philippe HAGELSTEIN (UPAV &amp; GIGATOUR)<\/p>\n<p class=\"\" style=\"text-align: left;\" data-end=\"1236\" data-start=\"918\">Herr Charles-Eric VILAIN XIIII (CRIOLO EVENTS)<\/p>\n<p class=\"\" style=\"text-align: left;\" data-end=\"1236\" data-start=\"918\">Herr Luc DEWOLF (TUI)<\/p>\n<p class=\"\" style=\"text-align: left;\" data-end=\"1236\" data-start=\"918\">Frau Lut DEMAECKER (OMNIA Travel), Pr\u00e4sident des GATE<\/p>\n<p class=\"\" style=\"text-align: left;\" data-end=\"1236\" data-start=\"918\">Herr Pierre COENEGRACHTS (TOPICS), Generalsekret\u00e4r des GATE<\/p>\n","protected":false},"excerpt":{"rendered":"<p>Ziel des GATE ist es, Aktivit\u00e4ten f\u00fcr seine Mitglieder zu organisieren, vorzuschlagen und zu f\u00f6rdern \u2013 derzeit haupts\u00e4chlich rund um\u2026<\/p>\n","protected":false},"author":1,"featured_media":0,"parent":0,"menu_order":0,"comment_status":"closed","ping_status":"closed","template":"","meta":{"_acf_changed":false,"footnotes":""},"class_list":["post-6823","page","type-page","status-publish","hentry"],"acf":[],"_links":{"self":[{"href":"https:\/\/www.gatetravelclub.be\/de\/wp-json\/wp\/v2\/pages\/6823","targetHints":{"allow":["GET"]}}],"collection":[{"href":"https:\/\/www.gatetravelclub.be\/de\/wp-json\/wp\/v2\/pages"}],"about":[{"href":"https:\/\/www.gatetravelclub.be\/de\/wp-json\/wp\/v2\/types\/page"}],"author":[{"embeddable":true,"href":"https:\/\/www.gatetravelclub.be\/de\/wp-json\/wp\/v2\/users\/1"}],"replies":[{"embeddable":true,"href":"https:\/\/www.gatetravelclub.be\/de\/wp-json\/wp\/v2\/comments?post=6823"}],"version-history":[{"count":3,"href":"https:\/\/www.gatetravelclub.be\/de\/wp-json\/wp\/v2\/pages\/6823\/revisions"}],"predecessor-version":[{"id":8843,"href":"https:\/\/www.gatetravelclub.be\/de\/wp-json\/wp\/v2\/pages\/6823\/revisions\/8843"}],"wp:attachment":[{"href":"https:\/\/www.gatetravelclub.be\/de\/wp-json\/wp\/v2\/media?parent=6823"}],"curies":[{"name":"wp","href":"https:\/\/api.w.org\/{rel}","templated":true}]}}